{"id":1405,"date":"2022-08-15T14:15:30","date_gmt":"2022-08-15T12:15:30","guid":{"rendered":"https:\/\/webboptimisterna.se\/?page_id=1405"},"modified":"2022-08-28T21:14:17","modified_gmt":"2022-08-28T19:14:17","slug":"villkor","status":"publish","type":"page","link":"https:\/\/webboptimisterna.se\/en\/villkor\/","title":{"rendered":"Terms and conditions"},"content":{"rendered":"<div data-elementor-type=\"wp-page\" data-elementor-id=\"1405\" class=\"elementor elementor-1405\" data-elementor-post-type=\"page\">\n\t\t\t\t\t\t<section class=\"elementor-section elementor-top-section elementor-element elementor-element-043fe64 elementor-section-boxed elementor-section-height-default elementor-section-height-default\" data-id=\"043fe64\" data-element_type=\"section\" data-e-type=\"section\">\n\t\t\t\t\t\t<div class=\"elementor-container elementor-column-gap-default\">\n\t\t\t\t\t<div class=\"elementor-column elementor-col-100 elementor-top-column elementor-element elementor-element-513591f\" data-id=\"513591f\" data-element_type=\"column\" data-e-type=\"column\">\n\t\t\t<div class=\"elementor-widget-wrap elementor-element-populated\">\n\t\t\t\t\t\t<div class=\"elementor-element elementor-element-a80a77e elementor-widget elementor-widget-heading\" data-id=\"a80a77e\" data-element_type=\"widget\" data-e-type=\"widget\" data-widget_type=\"heading.default\">\n\t\t\t\t<div class=\"elementor-widget-container\">\n\t\t\t\t\t<h2 class=\"elementor-heading-title elementor-size-default\">Terms and conditions<\/h2>\t\t\t\t<\/div>\n\t\t\t\t<\/div>\n\t\t\t\t<div class=\"elementor-element elementor-element-814b91d elementor-widget elementor-widget-text-editor\" data-id=\"814b91d\" data-element_type=\"widget\" data-e-type=\"widget\" data-widget_type=\"text-editor.default\">\n\t\t\t\t<div class=\"elementor-widget-container\">\n\t\t\t\t\t\t\t\t\t<h3><b>General terms and conditions<\/b><\/h3>\n<h5><span style=\"font-weight: 400;\"><i>(Updated 15\/08\/2022)<\/i><\/span><\/h5>\n<h5><span style=\"font-weight: 400;\">In the first place, the Consumer Services Act (1985:716) applies, so the purpose of these conditions is to clarify and define our delivery and use of our services.<\/span><\/h5>\n<h5><span style=\"font-weight: 400;\">Below, the company Hot Help AB Org.nr: 559364-6333 is referred to as Webboptimisterna. <\/span><span style=\"font-weight: 400;\">Hot Help AB Org.nr: <\/span><a href=\"https:\/\/www.allabolag.se\/5593646333\/hot-help-ab\" target=\"_blank\" rel=\"noopener\"><span style=\"font-weight: 400;\">559364-6333<\/span><\/a><span style=\"font-weight: 400;\">) som <\/span><i><span style=\"font-weight: 400;\">f\u00f6retaget<\/span><\/i><span style=\"font-weight: 400;\">.<\/span><\/h5>\n<h5><span style=\"font-weight: 400;\">All information that Webboptimisterna keep about client companies \/ customers is never disclosed to other parties, it is only for Webboptimisterna to be able to perform their services.<br><\/span><span style=\"font-weight: 400;\">The information is only disclosed if a crime will occur, and the police apply for this in accordance with Swedish law. Email conversations can be saved for the customer's needs. In order for our services to work, you who are part of an agreement with us must provide correct information, like name, address, postcode, postal address, VAT-number, mobile number and e-mail address. \n\nNo damages can be claimed if the customer's website or webboptimisterna.se should be down.&nbsp;<\/span><span style=\"font-weight: 400;\">Support is normally given weekdays between 10:00 - 18:00.<\/span><\/h5>\n<h3><b style=\"color: inherit; font-family: inherit; font-size: 1.75rem;\">&nbsp;<\/b><\/h3>\n<h3><b style=\"color: inherit; font-family: inherit; font-size: 1.75rem;\">Invoicing and Prices<\/b><\/h3>\n<h5><span style=\"font-weight: 400;\">All prices are in Swedish kronor (SEK) and are exclusive of VAT. We can also send invoices in euros (EUR). In this case the price in SEK is converted to EUR according to the current exchange rate on the day when the invoice is issued.<br><\/span><span style=\"font-weight: 400;\">Invoicing takes place at the start of the project with 50% of the total project cost, and in the final stage, a final invoice is always issued for the remaining part of the total project cost and sent via e-mail with a 14-day payment period. Total project cost is stated in the accepted quote.\n\nIf you do not pay the invoice on time, a late fee of SEK 450 is paid according to Swedish law. Should this invoice not be paid, the case goes on to the Enforcement Officer and Debt Collection, and interest is added according to law. Webboptimisterna also have the right to lock down the website if the invoice is not paid on time.<br><\/span><span style=\"font-weight: 400;\">Webboptimisterna use the invoicing service Fortnox Finans AB.<\/span>&nbsp;<\/h5>\n<h3><b>&nbsp;<\/b><\/h3>\n<h3><b>Communication<\/b><\/h3>\n<h5><span style=\"font-weight: 400;\">We only work with one decision maker. If the customer wants us to consider more than one opinion, the work will take longer time, which means increased cost and delayed delivery time. Decision maker is the person who signs a quote \/ agreement, unless otherwise stated in the quote \/ agreement.<\/span><\/h5>\n<h3><b>&nbsp;<\/b><\/h3>\n<h3><b>Cookies\u200b<\/b>&nbsp;<\/h3>\n<h5><b>What are cookies and how do they work?<\/b><\/h5>\n<h5><span style=\"font-weight: 400;\">A cookie is a small text file that is saved on your computer or in your browser when you visit a website. Just like most companies, Webboptimisterna uses cookies to facilitate and improve the user experience for you as a visitor. We also use cookies to measure traffic on our website and to collect information about how our website is used.<\/span><\/h5>\n<h5><b style=\"color: inherit; font-family: inherit; font-size: 1.25rem;\">&nbsp;<\/b><\/h5>\n<h5><b style=\"color: inherit; font-family: inherit; font-size: 1.25rem;\">What are the different types of cookies?<\/b><\/h5>\n<h5><span style=\"font-weight: 400;\">There are essentially two types of cookies, permanent and temporary (session cookies). Permanent cookies are stored as a file on your computer or mobile phone for a certain period of time until you or the server that sent them deletes them. Session cookies are stored temporarily and disappear when you close your browser. Cookies can also be referred to as first-party cookies or third-party cookies. First-party cookies are set by the owner of a website (in this case webboptimisterna.se) and third-party cookies are set by another website, e.g. youtube.com<\/span><\/h5>\n<h5><a href=\"https:\/\/pts.se\/sv\/privat\/internet\/integritet\/kakor-cookies\/\" target=\"_blank\" rel=\"noopener\"><span style=\"font-weight: 400;\"><u>Please read more about cookies here.<\/u><\/span><\/a><\/h5>\n<p><b>&nbsp;<\/b><\/p>\n<h5><b>What do we use cookies for?<\/b><\/h5>\n<h5><span style=\"font-weight: 400;\">We use cookies on our website to be able to give you as a visitor a better experience and better service. When someone visits our website, session cookies are created. These cookies contain no identifiable information about you as a user and are only saved temporarily.<\/span><b style=\"color: inherit; font-family: inherit; font-size: 1.25rem;\">&nbsp;<\/b><\/h5>\n<h5>&nbsp;<\/h5>\n<h3><span style=\"color: inherit; font-family: inherit; font-size: 1.25rem;\"><b>Cookies for web analytics<\/b><\/span><\/h3>\n<h5>We use cookies (first-party and third-party cookies) to collect statistics about the number of visitors to the website, about the visitors and to measure how visitors interact with the website. We do this to better understand the needs of visitors and how we can improve and develop the website.<\/h5>\n<h5>For this we use Google Analytics.&nbsp;<i style=\"color: inherit; font-family: inherit; font-size: 1.25rem;\">Google Analytics<\/i>&nbsp;som hj\u00e4lp f\u00f6r detta.<\/h5>\n<h5><span style=\"font-weight: 400;\">With the help of cookies via Google Analytics, we collect information about the number of visitors, which pages are visited, which browsers and which operating systems the visitors use, language, date and time of the visit. The information collected in these cookies (including your IP address) is forwarded to and stored by Google Inc. in the USA. These cookies do not contain any other personal information and because we have activated IP masking, the IP address is anonymized.<br><\/span><span style=\"font-weight: 400;\"><br><\/span><\/h5>\n<h5><span style=\"font-weight: 400;\">Read more about how Google uses data as well as information on how you can block cookies from Google Analytics:<br><\/span><a href=\"https:\/\/policies.google.com\/privacy?gl\" target=\"_blank\" rel=\"noopener\"><span style=\"font-weight: 400;\"><u>https:\/\/policies.google.com\/privacy?gl<\/u><\/span><\/a><\/h5>\n<h5><a href=\"https:\/\/policies.google.com\/privacy?gl\" target=\"_blank\" rel=\"noopener\"><span style=\"font-weight: 400;\"><br><\/span><\/a><span style=\"font-weight: 400;\">You can prevent information about your visit to this website from being shared with Google Analytics by following the instructions:<br><\/span><a href=\"https:\/\/tools.google.com\/dlpage\/gaoptout\" target=\"_blank\" rel=\"noopener\"><span style=\"font-weight: 400;\"><u>https:\/\/tools.google.com\/dlpage\/gaoptout<\/u><\/span><\/a><span style=\"font-weight: 400;\"> In that case, a so-called opt-out cookie is installed on your computer, which is a cookie that prevents future collection of data about your visit to this website. Read more about opt-out cookies at the end of this text.<\/span><\/h5>\n<h5><b>&nbsp;<\/b><\/h5>\n<h5><b>Cookies for marketing purposes<\/b><\/h5>\n<h5><span style=\"font-weight: 400;\">In order to improve our advertising and offer our visitors more relevant offers, we also use cookies and pixel tags from <i>Google Adwords, Bing och Facebook<\/i>. Pixel tags are a technology that can recognize cookies and other identifiers and make it possible to decide which ads should be displayed by your browser.<br><\/span><span style=\"font-weight: 400;\">These technologies are used to evaluate and streamline our online marketing. With the help of these cookies\/tags, we can, for example, prevent the same person from seeing a banner from us several times. We may also use the information to build segments and target groups for marketing purposes and to be able to customize the advertisements and target them to relevant target groups. This may mean, for example, that we choose to show ads for contact lenses if you have shown an interest in contact lenses on our website, or that we show ads for progressive glasses to people we think may be interested.<\/span><\/h5>\n<h5><span style=\"font-weight: 400;\">Read more about each actor's policy:<\/span><\/h5>\n<h5><ul><li><a href=\"https:\/\/policies.google.com\/technologies\/ads\" target=\"_blank\" rel=\"noopener\"><span style=\"font-weight: 400;\"><u> Google Adwords<\/u><\/span><\/a><\/li><\/ul><ul><li><a href=\"https:\/\/privacy.microsoft.com\/sv-se\/privacystatement\" target=\"_blank\" rel=\"noopener\"><span style=\"font-weight: 400;\"><u> Bing<\/u><\/span><\/a><\/li><\/ul><ul><li><a href=\"https:\/\/www.facebook.com\/about\/privacy\/\" target=\"_blank\" rel=\"noopener\"><span style=\"font-weight: 400;\"><u> Facebook<\/u><\/span><\/a><\/li><\/ul><\/h5>\n\n\n<h5><b>&nbsp;<\/b><\/h5>\n<h5><b>Other third-party cookies<\/b><\/h5>\n<h5><span style=\"font-weight: 400;\">Third-party cookies are cookies that another party, i.e. not webboptimisterna.se, places on your device via our websites. When you visit a web page with embedded content or use a share button, e.g. from Facebook or Youtube, you may receive cookies from these websites. The Web Optimists do not control these cookies, but recommend that you visit the individual third-party websites for more information on how they are managed:<\/span><\/h5>\n<h5><ul><li><a href=\"https:\/\/www.facebook.com\/policies\/cookies\/\" target=\"_blank\" rel=\"noopener\"><span style=\"font-weight: 400;\"><u> Facebook<\/u><\/span><\/a><\/li><\/ul><ul><li><a href=\"https:\/\/www.clickcease.com\/privacy.html\" target=\"_blank\" rel=\"noopener\"><span style=\"font-weight: 400;\"><u> ClickCease<\/u><\/span><\/a><\/li><\/ul><ul><li><a href=\"https:\/\/help.instagram.com\/1896641480634370?ref=ig\" target=\"_blank\" rel=\"noopener\"><span style=\"font-weight: 400;\"><u> Instagram<\/u><\/span><\/a><\/li><\/ul><ul><li><a href=\"https:\/\/policies.google.com\/privacy\" target=\"_blank\" rel=\"noopener\"><span style=\"font-weight: 400;\"><u> Google<\/u><\/span><\/a><\/li><\/ul><ul><li><a href=\"https:\/\/www.linkedin.com\/legal\/cookie-policy\" target=\"_blank\" rel=\"noopener\"><span style=\"font-weight: 400;\"><u> LinkedIn<\/u><\/span><\/a><\/li><\/ul><\/h5>\n\n\n\n\n<p><b>&nbsp;<\/b><\/p>\n<h5><b>Can I delete or disable cookies?<\/b><\/h5>\n<h5><span style=\"font-weight: 400;\">You can choose to turn off cookies completely, or to receive a message every time a new cookie is sent to your computer or mobile. If you turn off cookies, you may experience that the website does not work satisfactorily and you will not be able to log in to Webboptimisterna.<\/span><\/h5>\n<h5><b>&nbsp;<\/b><\/h5>\n<h5><b>How can I control what information is shared with advertisers?<\/b><\/h5>\n<h5><span style=\"font-weight: 400;\">If you want to limit the information shared with advertisers, you can download a so-called opt-out cookie from various advertising actors or use other solutions, for example <\/span><a href=\"https:\/\/youronlinechoices.com\/\" target=\"_blank\" rel=\"noopener\"><span style=\"font-weight: 400;\">youronlinechoices.com<\/span><\/a><span style=\"font-weight: 400;\">Note that you must complete the same procedure in all the different devices you use and for each browser you use.<\/span><\/h5>\n<p><b>&nbsp;<\/b><\/p>\n<h3><b>GDPR - Storage of information<\/b><\/h3>\n<h5><span style=\"font-weight: 400;\">GDPR stands for General Data Protection Regulation and is a new data protection law that comes into force within the EU on May 25. The GDPR replaces the Swedish Personal Data Act (PuL). It is important to us at Webboptimisterna that you feel safe with how we handle your personal data. Therefore, we are open about how we collect and process your data. You can also get access to the data that we have saved with us by contacting us.<br><\/span><span style=\"font-weight: 400;\"><br><\/span><\/h5>\n<h5><span style=\"font-weight: 400;\">We need your personal data so that you can, among other things, receive offers and campaigns, receive necessary information and so that we can send invoices for selected services with us. That law means that you as a customer have a number of rights. Among other things, you have the right to receive a register extract with your personal data, such as name and contact details.<br><\/span><span style=\"font-weight: 400;\"><br><\/span><\/h5>\n<h5><span style=\"font-weight: 400;\">Personal data is any information that can be used to identify an individual. Examples of this can be basic information about you such as name and contact details, but also your purchase history.<br><\/span><span style=\"font-weight: 400;\">We ensure that your personal data is always protected with us, and that the processing complies with applicable data protection rules, internal guidelines and routines.<\/span><\/h5>\n<p><b>&nbsp;<\/b><\/p>\n<h5><b>Handling of personal data within Webboptimisterna<\/b><\/h5>\n<h5><span style=\"font-weight: 400;\">Webboptimisterna also cooperates with other suppliers.<br><\/span><span style=\"font-weight: 400;\">Situations when we process your personal data:<\/span><\/h5>\n<h5><ul><li style=\"font-weight: 400;\" aria-level=\"1\"><span style=\"font-weight: 400;\">If you use our website <\/span><i><span style=\"font-weight: 400;\">webboptimisterna.se<\/span><\/i><span style=\"font-weight: 400;\"> will process your personal data that you choose to register with.<\/span><\/li><\/ul><ul><li style=\"font-weight: 400;\" aria-level=\"1\"><span style=\"font-weight: 400;\">If you have a direct debit solution with us, Bankgirocentralen and Fortnox handle your personal data, including bank account numbers.<\/span><\/li><\/ul><ul><li style=\"font-weight: 400;\" aria-level=\"1\"><span style=\"font-weight: 400;\">If you pay with Swish, we receive your phone number in our bank.<\/span><\/li><\/ul><ul><li style=\"font-weight: 400;\" aria-level=\"1\"><span style=\"font-weight: 400;\">If you represent a supplier, your contact details will be processed by webboptimisterna, e.g. to communicate with you.<\/span><\/li><\/ul><ul><li style=\"font-weight: 400;\" aria-level=\"1\"><span style=\"font-weight: 400;\">If you apply for a job with us, the company will process the information you provide to them, e.g. CV and cover letter, to manage the recruitment process.<\/span><\/li><\/ul><\/h5>\n\n\n\n\n<h5><b>&nbsp;<\/b><\/h5>\n<h5><b>What personal data do we process?<\/b><\/h5>\n<h5><ul><li style=\"font-weight: 400;\" aria-level=\"1\"><span style=\"font-weight: 400;\">Contact details, such as name, postal address, telephone number, e-mail address.<\/span><\/li><\/ul><ul><li style=\"font-weight: 400;\" aria-level=\"1\"><span style=\"font-weight: 400;\">Bank account information, if you filled in a direct debit consent form.<\/span><\/li><\/ul><ul><li style=\"font-weight: 400;\" aria-level=\"1\"><span style=\"font-weight: 400;\">Other personal data, such as date of birth.<\/span><\/li><\/ul><\/h5>\n\n\n<p><b>&nbsp;<\/b><\/p>\n<h5><b>Where do we process your personal data?<\/b><\/h5>\n<h5><span style=\"font-weight: 400;\">Hot Help strives to process your personal data within the EU\/EEA area. In cases where your data would be used outside the EU, e.g. by any of our service providers, we always ensure that they comply with data protection laws in the same secure way that we do. Today, your personal data can be processed by a company outside the EU - Stripe - but only if you make or have made a card purchase on our website. We have ensured that they follow the laws that apply to us here in the EU.<\/span><\/h5>\n<h5><b>&nbsp;<\/b><\/h5>\n<h5><b>Your rights<\/b><\/h5>\n<h5><span style=\"font-weight: 400;\">You can mail a letter to our postal address at any time and request that we delete all data on you that we have. It may take 30 working days to process your case. We comply with laws and have internal procedures to ensure the security of your personal data. We sell e.g. never give your personal data to other companies. However, no security or encryption method can guarantee protection of information from hackers or human error. You can email us at info@webboptimisterna.se if you want to choose to end newsletter sending.<\/span><\/h5>\n<h5><b>&nbsp;<\/b><\/h5>\n<h5><b>Contact<\/b><\/h5>\n<h5>Hot Help AB<br>Org.nr: 559364-6333<br>Fleminggatan 35<br>112 26 Stockholm<\/h5>\n<div>&nbsp;<\/div>\n<p style=\"font-weight: bold;\">\n<\/p>\t\t\t\t\t\t\t\t<\/div>\n\t\t\t\t<\/div>\n\t\t\t\t\t<\/div>\n\t\t<\/div>\n\t\t\t\t\t<\/div>\n\t\t<\/section>\n\t\t\t\t<\/div>","protected":false},"excerpt":{"rendered":"<p>Villkor Allm\u00e4nna villkor (Uppdaterad 15\/08\/2022) I f\u00f6rsta hand g\u00e4ller konsumenttj\u00e4nstlagen (1985:716) varf\u00f6r dessa villkors syfte \u00e4r att f\u00f6rtydliga samt definiera v\u00e5r leverans och nyttjande av v\u00e5ra tj\u00e4nster. Nedan ben\u00e4mns Webboptimisterna (varum\u00e4rke av Hot Help AB Org.nr: 559364-6333) som f\u00f6retaget. All information om f\u00f6retag\/kunder l\u00e4mnas aldrig ut, utan \u00e4r endast till f\u00f6r att Webboptimisterna skall kunna [&hellip;]<\/p>\n","protected":false},"author":2,"featured_media":0,"parent":0,"menu_order":0,"comment_status":"closed","ping_status":"open","template":"","meta":{"footnotes":""},"class_list":["post-1405","page","type-page","status-publish","hentry"],"_links":{"self":[{"href":"https:\/\/webboptimisterna.se\/en\/wp-json\/wp\/v2\/pages\/1405","targetHints":{"allow":["GET"]}}],"collection":[{"href":"https:\/\/webboptimisterna.se\/en\/wp-json\/wp\/v2\/pages"}],"about":[{"href":"https:\/\/webboptimisterna.se\/en\/wp-json\/wp\/v2\/types\/page"}],"author":[{"embeddable":true,"href":"https:\/\/webboptimisterna.se\/en\/wp-json\/wp\/v2\/users\/2"}],"replies":[{"embeddable":true,"href":"https:\/\/webboptimisterna.se\/en\/wp-json\/wp\/v2\/comments?post=1405"}],"version-history":[{"count":1,"href":"https:\/\/webboptimisterna.se\/en\/wp-json\/wp\/v2\/pages\/1405\/revisions"}],"predecessor-version":[{"id":4450,"href":"https:\/\/webboptimisterna.se\/en\/wp-json\/wp\/v2\/pages\/1405\/revisions\/4450"}],"wp:attachment":[{"href":"https:\/\/webboptimisterna.se\/en\/wp-json\/wp\/v2\/media?parent=1405"}],"curies":[{"name":"wp","href":"https:\/\/api.w.org\/{rel}","templated":true}]}}